{"id":345,"date":"2018-11-06T07:52:26","date_gmt":"2018-11-06T06:52:26","guid":{"rendered":"https:\/\/www.optprojects.com\/?page_id=345"},"modified":"2025-10-13T14:48:59","modified_gmt":"2025-10-13T12:48:59","slug":"paginas-de-inicio-de-sitios-web","status":"publish","type":"page","link":"https:\/\/www.optprojects.com\/es_es\/diseno-web\/paginas-de-inicio-de-sitios-web\/","title":{"rendered":"Dise\u00f1o web: Creaci\u00f3n de un sitio web sostenible, personalizado y f\u00e1cil de usar."},"content":{"rendered":"","protected":false},"excerpt":{"rendered":"","protected":false},"author":1,"featured_media":0,"parent":350,"menu_order":1,"comment_status":"closed","ping_status":"closed","template":"","meta":{"footnotes":""},"class_list":["post-345","page","type-page","status-publish","hentry"],"aioseo_notices":[],"_links":{"self":[{"href":"https:\/\/www.optprojects.com\/es_es\/wp-json\/wp\/v2\/pages\/345","targetHints":{"allow":["GET"]}}],"collection":[{"href":"https:\/\/www.optprojects.com\/es_es\/wp-json\/wp\/v2\/pages"}],"about":[{"href":"https:\/\/www.optprojects.com\/es_es\/wp-json\/wp\/v2\/types\/page"}],"author":[{"embeddable":true,"href":"https:\/\/www.optprojects.com\/es_es\/wp-json\/wp\/v2\/users\/1"}],"replies":[{"embeddable":true,"href":"https:\/\/www.optprojects.com\/es_es\/wp-json\/wp\/v2\/comments?post=345"}],"version-history":[{"count":0,"href":"https:\/\/www.optprojects.com\/es_es\/wp-json\/wp\/v2\/pages\/345\/revisions"}],"up":[{"embeddable":true,"href":"https:\/\/www.optprojects.com\/es_es\/wp-json\/wp\/v2\/pages\/350"}],"wp:attachment":[{"href":"https:\/\/www.optprojects.com\/es_es\/wp-json\/wp\/v2\/media?parent=345"}],"curies":[{"name":"wp","href":"https:\/\/api.w.org\/{rel}","templated":true}]}}